{"id":503,"date":"2024-09-16T15:23:10","date_gmt":"2024-09-16T15:23:10","guid":{"rendered":"https:\/\/boranesarp.com\/?page_id=503"},"modified":"2024-09-17T05:52:54","modified_gmt":"2024-09-17T05:52:54","slug":"esarp-ve-sal","status":"publish","type":"page","link":"https:\/\/boranesarp.com\/index.php\/esarp-ve-sal\/","title":{"rendered":"E\u015eARP VE \u015eAL"},"content":{"rendered":"<p><strong>E\u015farplar\u0131m\u0131z\u0131n \u00dcretim S\u00fcreci<\/strong><\/p>\n<p>M\u00fc\u015fterilerimizin talepleri do\u011frultusunda, kendi b\u00fcnyemizde \u00e7al\u0131\u015fan tasar\u0131mc\u0131lar taraf\u0131ndan \u00f6zel e\u015farp desenleri haz\u0131rlan\u0131r. \u0130stenilen ebatlarda \u00e7izilen bu desenler daha sonra farkl\u0131 varyantlara d\u00f6n\u00fc\u015ft\u00fcr\u00fcl\u00fcr. M\u00fc\u015fterilerimiz se\u00e7tikleri varyantlar\u0131 \u00fcretime verirler.<\/p>\n<p>\u00dcretim a\u015famas\u0131nda, dijital bask\u0131 makinelerinde bas\u0131lan desenler transfer i\u015fleminden ge\u00e7er. Ard\u0131ndan at\u00f6lyemizde kesim ve diki\u015f i\u015flemleri yap\u0131l\u0131r. \u00dct\u00fc paketi yap\u0131ld\u0131ktan sonra e\u015farplar m\u00fc\u015fterinin adresine g\u00f6nderilmek \u00fczere \u00e7uvallara konulur. T\u00fcm bu ad\u0131mlar kendi b\u00fcnyemizde ger\u00e7ekle\u015ftirilir.<\/p>\n<p>E\u015farplar\u0131m\u0131zda mevsime uygun \u00e7e\u015fitli kuma\u015flar kullan\u0131l\u0131r ve ebat, tasar\u0131m ve varyantlar da m\u00fc\u015fteri tercihlerine g\u00f6re \u015fekillenir.<\/p>\n<p>Tasar\u0131m ve \u00dcretim<\/p>\n<p>\u015eal, sadece bir giyim par\u00e7as\u0131 de\u011fil, ayn\u0131 zamanda bir ifade bi\u00e7imidir. Biz, m\u00fc\u015fterilerimizin isteklerini titizlikle dinleyerek, kendi tasar\u0131m ekibimizle birlikte her bir \u015fal\u0131 \u00f6zel k\u0131lmak i\u00e7in \u00e7al\u0131\u015f\u0131yoruz. \u0130\u015fte bu s\u00fcrecin detaylar\u0131:<\/p>\n<p>1. **Tasar\u0131m A\u015famas\u0131**: Her \u015fal\u0131n arkas\u0131nda bir hikaye var. Mevsime uygun renkler, desenler ve dokular se\u00e7iyoruz. Tasar\u0131mc\u0131lar\u0131m\u0131z, m\u00fc\u015fterilerimizin be\u011fenisini kazanacak \u00f6zg\u00fcn desenler olu\u015fturuyor.<\/p>\n<p>2. **Varyantlar ve Ki\u015fiselle\u015ftirme**: M\u00fc\u015fterilerimiz, kendi zevklerine g\u00f6re varyantlar se\u00e7ebiliyor. Farkl\u0131 boyutlar, renkler ve desenler aras\u0131ndan istediklerini se\u00e7iyorlar. Bu sayede her \u015fal, sahibinin ki\u015fili\u011fini yans\u0131t\u0131yor.<\/p>\n<p>3. **\u00dcretim A\u015famas\u0131**: Dijital bask\u0131 makinelerimizde desenler hayat buluyor. Kuma\u015flar \u00f6zenle se\u00e7ilip bas\u0131ld\u0131ktan sonra transfer i\u015flemiyle kal\u0131c\u0131 hale getiriliyor. At\u00f6lyemizde kesim ve diki\u015f i\u015flemleri titizlikle yap\u0131l\u0131yor.<\/p>\n<p>4. **Son Dokunu\u015flar ve Teslimat**: \u00dct\u00fclenen \u015fallar, m\u00fc\u015fteriye \u00f6zel paketleniyor. Adres yaz\u0131l\u0131p, sevk edilmeye haz\u0131r hale getiriliyor. M\u00fc\u015fterilerimize, tasar\u0131m\u0131n her a\u015famas\u0131nda eme\u011fimizi hissettiren bir \u00fcr\u00fcn sunuyoruz.<\/p>\n<p>&nbsp;<\/p>\n<p>Bizim i\u00e7in en \u00f6nemli \u015fey m\u00fc\u015fteri memnuniyeti. Her bir \u015fal\u0131n, s\u0131cak bir g\u00fcl\u00fcmsemeyle teslim edilmesini sa\u011flamak i\u00e7in \u00e7abal\u0131yoruz. Siz de bir sonraki \u00f6zel g\u00fcn\u00fcn\u00fczde, kendinizi \u00f6zel hissetmek isterseniz, tasar\u0131m \u015fallar\u0131m\u0131za g\u00f6z atabilirsiniz!<\/p>\n","protected":false},"excerpt":{"rendered":"<p>E\u015farplar\u0131m\u0131z\u0131n \u00dcretim S\u00fcreci M\u00fc\u015fterilerimizin talepleri do\u011frultusunda, kendi b\u00fcnyemizde \u00e7al\u0131\u015fan tasar\u0131mc\u0131lar taraf\u0131ndan \u00f6zel e\u015farp desenleri haz\u0131rlan\u0131r. \u0130stenilen ebatlarda \u00e7izilen bu desenler<\/p>\n","protected":false},"author":1,"featured_media":0,"parent":0,"menu_order":0,"comment_status":"closed","ping_status":"closed","template":"","meta":{"footnotes":""},"class_list":["post-503","page","type-page","status-publish","hentry"],"_links":{"self":[{"href":"https:\/\/boranesarp.com\/index.php\/wp-json\/wp\/v2\/pages\/503","targetHints":{"allow":["GET"]}}],"collection":[{"href":"https:\/\/boranesarp.com\/index.php\/wp-json\/wp\/v2\/pages"}],"about":[{"href":"https:\/\/boranesarp.com\/index.php\/wp-json\/wp\/v2\/types\/page"}],"author":[{"embeddable":true,"href":"https:\/\/boranesarp.com\/index.php\/wp-json\/wp\/v2\/users\/1"}],"replies":[{"embeddable":true,"href":"https:\/\/boranesarp.com\/index.php\/wp-json\/wp\/v2\/comments?post=503"}],"version-history":[{"count":2,"href":"https:\/\/boranesarp.com\/index.php\/wp-json\/wp\/v2\/pages\/503\/revisions"}],"predecessor-version":[{"id":523,"href":"https:\/\/boranesarp.com\/index.php\/wp-json\/wp\/v2\/pages\/503\/revisions\/523"}],"wp:attachment":[{"href":"https:\/\/boranesarp.com\/index.php\/wp-json\/wp\/v2\/media?parent=503"}],"curies":[{"name":"wp","href":"https:\/\/api.w.org\/{rel}","templated":true}]}}