{"id":16,"date":"2023-06-19T14:43:31","date_gmt":"2023-06-19T14:43:31","guid":{"rendered":"https:\/\/dummy.xtemos.com\/woodmart2\/kids\/?page_id=16"},"modified":"2024-08-18T23:01:22","modified_gmt":"2024-08-18T23:01:22","slug":"hakkimizda","status":"publish","type":"page","link":"https:\/\/boranesarp.com\/index.php\/hakkimizda\/","title":{"rendered":"Hakk\u0131m\u0131zda"},"content":{"rendered":"<div class=\"wpb-content-wrapper\"><p>[vc_row equal_height=&#8221;yes&#8221; content_placement=&#8221;bottom&#8221; woodmart_css_id=&#8221;66c27d1a1974e&#8221; responsive_spacing=&#8221;eyJwYXJhbV90eXBlIjoid29vZG1hcnRfcmVzcG9uc2l2ZV9zcGFjaW5nIiwic2VsZWN0b3JfaWQiOiI2NmMyN2QxYTE5NzRlIiwic2hvcnRjb2RlIjoidmNfcm93IiwiZGF0YSI6eyJ0YWJsZXQiOnsibWFyZ2luLWJvdHRvbSI6IjYwcHgifSwibW9iaWxlIjp7Im1hcmdpbi1ib3R0b20iOiI0MHB4In19fQ==&#8221; mobile_bg_img_hidden=&#8221;no&#8221; tablet_bg_img_hidden=&#8221;no&#8221; woodmart_parallax=&#8221;0&#8243; woodmart_gradient_switch=&#8221;no&#8221; woodmart_box_shadow=&#8221;no&#8221; wd_z_index=&#8221;no&#8221; woodmart_disable_overflow=&#8221;0&#8243; row_reverse_mobile=&#8221;0&#8243; row_reverse_tablet=&#8221;0&#8243;][vc_column woodmart_css_id=&#8221;646240434b7a4&#8243; parallax_scroll=&#8221;no&#8221; woodmart_sticky_column=&#8221;false&#8221; wd_collapsible_content_switcher=&#8221;no&#8221; wd_column_role_offcanvas_desktop=&#8221;no&#8221; wd_column_role_offcanvas_tablet=&#8221;no&#8221; wd_column_role_offcanvas_mobile=&#8221;no&#8221; wd_column_role_content_desktop=&#8221;no&#8221; wd_column_role_content_tablet=&#8221;no&#8221; wd_column_role_content_mobile=&#8221;no&#8221; mobile_bg_img_hidden=&#8221;no&#8221; tablet_bg_img_hidden=&#8221;no&#8221; woodmart_parallax=&#8221;0&#8243; woodmart_box_shadow=&#8221;no&#8221; responsive_spacing=&#8221;eyJwYXJhbV90eXBlIjoid29vZG1hcnRfcmVzcG9uc2l2ZV9zcGFjaW5nIiwic2VsZWN0b3JfaWQiOiI2NDYyNDA0MzRiN2E0Iiwic2hvcnRjb2RlIjoidmNfY29sdW1uIiwiZGF0YSI6eyJ0YWJsZXQiOnt9LCJtb2JpbGUiOnt9fX0=&#8221; mobile_reset_margin=&#8221;no&#8221; tablet_reset_margin=&#8221;no&#8221; wd_z_index=&#8221;no&#8221; offset=&#8221;vc_col-lg-7 vc_col-md-7&#8243;]\t\t<div id=\"wd-649190b7d1382\" class=\"wd-image wd-wpb wd-rs-649190b7d1382 text-left \">\n\t\t\t\n\t\t\t<img loading=\"lazy\" decoding=\"async\" width=\"890\" height=\"580\" src=\"https:\/\/boranesarp.com\/wp-content\/uploads\/2023\/06\/w-bcs-about-us-1-opt.jpg\" class=\"attachment-full size-full\" alt=\"\" srcset=\"https:\/\/boranesarp.com\/wp-content\/uploads\/2023\/06\/w-bcs-about-us-1-opt.jpg 890w, https:\/\/boranesarp.com\/wp-content\/uploads\/2023\/06\/w-bcs-about-us-1-opt-600x391.jpg 600w, https:\/\/boranesarp.com\/wp-content\/uploads\/2023\/06\/w-bcs-about-us-1-opt-150x98.jpg 150w\" sizes=\"auto, (max-width: 890px) 100vw, 890px\" \/>\n\t\t\t\t\t<\/div>\n\t\t[\/vc_column][vc_column woodmart_css_id=&#8221;6462404eec28d&#8221; parallax_scroll=&#8221;no&#8221; woodmart_sticky_column=&#8221;false&#8221; wd_collapsible_content_switcher=&#8221;no&#8221; wd_column_role_offcanvas_desktop=&#8221;no&#8221; wd_column_role_offcanvas_tablet=&#8221;no&#8221; wd_column_role_offcanvas_mobile=&#8221;no&#8221; wd_column_role_content_desktop=&#8221;no&#8221; wd_column_role_content_tablet=&#8221;no&#8221; wd_column_role_content_mobile=&#8221;no&#8221; mobile_bg_img_hidden=&#8221;no&#8221; tablet_bg_img_hidden=&#8221;no&#8221; woodmart_parallax=&#8221;0&#8243; woodmart_box_shadow=&#8221;no&#8221; responsive_spacing=&#8221;eyJwYXJhbV90eXBlIjoid29vZG1hcnRfcmVzcG9uc2l2ZV9zcGFjaW5nIiwic2VsZWN0b3JfaWQiOiI2NDYyNDA0ZWVjMjhkIiwic2hvcnRjb2RlIjoidmNfY29sdW1uIiwiZGF0YSI6eyJ0YWJsZXQiOnt9LCJtb2JpbGUiOnt9fX0=&#8221; mobile_reset_margin=&#8221;no&#8221; tablet_reset_margin=&#8221;no&#8221; wd_z_index=&#8221;no&#8221; offset=&#8221;vc_col-lg-5 vc_col-md-5&#8243;]\n\t\t<div id=\"wd-66c27d3724c92\" class=\"title-wrapper wd-wpb set-mb-s reset-last-child  wd-rs-66c27d3724c92 wd-title-color-primary wd-title-style-default text-left vc_custom_1724022078472 wd-width-custom wd-underline-colored\">\n\t\t\t\t\t\t\t<div class=\"title-subtitle  subtitle-color-primary font-default subtitle-style-default wd-font-weight-500 wd-fontsize-m\">Borane\u015farp<\/div>\n\t\t\t\n\t\t\t<div class=\"liner-continer\">\n\t\t\t\t<h4 class=\"woodmart-title-container title  wd-font-weight- wd-fontsize-xxxl\" >Hakk\u0131m\u0131zda<\/h4>\n\t\t\t\t\t\t\t<\/div>\n\t\t\t\n\t\t\t\n\t\t\t\n\t\t<\/div>\n\t\t\n\t\t\t\t<div id=\"wd-66c27cee5adb5\" class=\"wd-text-block wd-wpb reset-last-child wd-rs-66c27cee5adb5 text-left \">\n\t\t\t<p>Boran E\u015farp olarak, \u015f\u0131kl\u0131\u011f\u0131 ve zarafeti \u00f6n planda tutan e\u015farp ve \u015fal koleksiyonlar\u0131m\u0131zla modaya y\u00f6n vermeye devam ediyoruz. Y\u0131llar\u0131n getirdi\u011fi tecr\u00fcbe ve kalite anlay\u0131\u015f\u0131yla, her bir \u00fcr\u00fcn\u00fcm\u00fczde kad\u0131nlar\u0131n ihtiya\u00e7lar\u0131na ve zevklerine hitap eden tasar\u0131mlar sunuyoruz. Sadece bir aksesuar de\u011fil, ayn\u0131 zamanda bir ya\u015fam tarz\u0131 sunmay\u0131 ama\u00e7l\u0131yoruz.<\/p>\n<p>\u0130lham\u0131m\u0131z\u0131 do\u011fadan, sanattan ve k\u00fclt\u00fcr\u00fcm\u00fcz\u00fcn zengin motiflerinden alarak, her mevsime ve her tarza uygun geni\u015f bir \u00fcr\u00fcn yelpazesi sunuyoruz. Kaliteli kuma\u015flar\u0131m\u0131z, \u00f6zenle se\u00e7ilmi\u015f renk paletlerimiz ve modern \u00e7izgilerimizle fark yarat\u0131yoruz. M\u00fc\u015fteri memnuniyetini her zaman \u00f6ncelik haline getiriyor, her a\u015famada titizlikle \u00e7al\u0131\u015farak en iyisini sunmay\u0131 hedefliyoruz.<\/p>\n<p>Moda d\u00fcnyas\u0131nda kendine sa\u011flam bir yer edinen Boran E\u015farp, hem geleneksel hem de modern tarzlar\u0131 harmanlayarak kad\u0131nlara kendilerini \u00f6zel hissettiren e\u015farp ve \u015fal tasar\u0131mlar\u0131n\u0131 sunmaktan gurur duyuyor. Bizimle birlikte bu \u015f\u0131kl\u0131\u011f\u0131 ve zarafeti ke\u015ffetmeye davetlisiniz.<\/p>\n\t\t<\/div>\n\t\t[\/vc_column][\/vc_row]<\/p>\n<\/div>","protected":false},"excerpt":{"rendered":"<p>[vc_row equal_height=&#8221;yes&#8221; content_placement=&#8221;bottom&#8221; woodmart_css_id=&#8221;66c27d1a1974e&#8221; responsive_spacing=&#8221;eyJwYXJhbV90eXBlIjoid29vZG1hcnRfcmVzcG9uc2l2ZV9zcGFjaW5nIiwic2VsZWN0b3JfaWQiOiI2NmMyN2QxYTE5NzRlIiwic2hvcnRjb2RlIjoidmNfcm93IiwiZGF0YSI6eyJ0YWJsZXQiOnsibWFyZ2luLWJvdHRvbSI6IjYwcHgifSwibW9iaWxlIjp7Im1hcmdpbi1ib3R0b20iOiI0MHB4In19fQ==&#8221; mobile_bg_img_hidden=&#8221;no&#8221; tablet_bg_img_hidden=&#8221;no&#8221; woodmart_parallax=&#8221;0&#8243; woodmart_gradient_switch=&#8221;no&#8221; woodmart_box_shadow=&#8221;no&#8221; wd_z_index=&#8221;no&#8221; woodmart_disable_overflow=&#8221;0&#8243; row_reverse_mobile=&#8221;0&#8243; row_reverse_tablet=&#8221;0&#8243;][vc_column woodmart_css_id=&#8221;646240434b7a4&#8243; parallax_scroll=&#8221;no&#8221; woodmart_sticky_column=&#8221;false&#8221; wd_collapsible_content_switcher=&#8221;no&#8221; wd_column_role_offcanvas_desktop=&#8221;no&#8221; wd_column_role_offcanvas_tablet=&#8221;no&#8221;<\/p>\n","protected":false},"author":1,"featured_media":0,"parent":0,"menu_order":0,"comment_status":"closed","ping_status":"closed","template":"","meta":{"footnotes":""},"class_list":["post-16","page","type-page","status-publish","hentry"],"_links":{"self":[{"href":"https:\/\/boranesarp.com\/index.php\/wp-json\/wp\/v2\/pages\/16","targetHints":{"allow":["GET"]}}],"collection":[{"href":"https:\/\/boranesarp.com\/index.php\/wp-json\/wp\/v2\/pages"}],"about":[{"href":"https:\/\/boranesarp.com\/index.php\/wp-json\/wp\/v2\/types\/page"}],"author":[{"embeddable":true,"href":"https:\/\/boranesarp.com\/index.php\/wp-json\/wp\/v2\/users\/1"}],"replies":[{"embeddable":true,"href":"https:\/\/boranesarp.com\/index.php\/wp-json\/wp\/v2\/comments?post=16"}],"version-history":[{"count":8,"href":"https:\/\/boranesarp.com\/index.php\/wp-json\/wp\/v2\/pages\/16\/revisions"}],"predecessor-version":[{"id":429,"href":"https:\/\/boranesarp.com\/index.php\/wp-json\/wp\/v2\/pages\/16\/revisions\/429"}],"wp:attachment":[{"href":"https:\/\/boranesarp.com\/index.php\/wp-json\/wp\/v2\/media?parent=16"}],"curies":[{"name":"wp","href":"https:\/\/api.w.org\/{rel}","templated":true}]}}